{"id":13478,"date":"2023-11-09T20:45:06","date_gmt":"2023-11-09T17:45:06","guid":{"rendered":"https:\/\/valmart.it\/?post_type=product&#038;p=13478"},"modified":"2025-01-16T17:17:56","modified_gmt":"2025-01-16T14:17:56","slug":"tort-vechernij-kishinev","status":"publish","type":"product","link":"https:\/\/valmart.it\/it\/prodotto\/tort-vechernij-kishinev\/","title":{"rendered":"Torta \u201cSerata Chisinau\u201d"},"content":{"rendered":"<p>La torta &quot;Evening Chisinau&quot; \u00e8 una straordinaria combinazione di biscotti delicati, sapore di arancia leggera e ricco aroma di cioccolato. Prugne, noci e nocciole aggiungono una variet\u00e0 di consistenze e sapori alla torta. \u00c8 perfetto da gustare in ogni momento della giornata ed \u00e8 un&#039;ottima delizia per gli amanti dei dolci.<\/p>","protected":false},"excerpt":{"rendered":"<p>\u0422\u043e\u0440\u0442 \u201c\u0412\u0435\u0447\u0435\u0440\u043d\u0438\u0439 \u041a\u0438\u0448\u0438\u043d\u0435\u0432\u201d \u2013 \u044d\u0442\u043e \u0443\u0434\u0438\u0432\u0438\u0442\u0435\u043b\u044c\u043d\u043e\u0435 \u0441\u043e\u0447\u0435\u0442\u0430\u043d\u0438\u0435 \u043d\u0435\u0436\u043d\u044b\u0445 \u0431\u0438\u0441\u043a\u0432\u0438\u0442\u043e\u0432, \u043b\u0435\u0433\u043a\u043e\u0433\u043e \u0430\u043f\u0435\u043b\u044c\u0441\u0438\u043d\u043e\u0432\u043e\u0433\u043e \u0432\u043a\u0443\u0441\u0430 \u0438 \u043d\u0430\u0441\u044b\u0449\u0435\u043d\u043d\u043e\u0433\u043e \u0448\u043e\u043a\u043e\u043b\u0430\u0434\u043d\u043e\u0433\u043e \u0430\u0440\u043e\u043c\u0430\u0442\u0430. \u0427\u0435\u0440\u043d\u043e\u0441\u043b\u0438\u0432, \u0433\u0440\u0435\u0446\u043a\u0438\u0439 \u043e\u0440\u0435\u0445 \u0438<\/p>","protected":false},"featured_media":13479,"comment_status":"open","ping_status":"closed","template":"","meta":{"_acf_changed":false},"product_brand":[],"product_cat":[4442,4394],"product_tag":[],"class_list":{"0":"post-13478","1":"product","2":"type-product","3":"status-publish","4":"has-post-thumbnail","6":"product_cat-zamorozka","7":"product_cat-torty","9":"first","10":"instock","11":"shipping-taxable","12":"purchasable","13":"product-type-simple"},"acf":[],"_links":{"self":[{"href":"https:\/\/valmart.it\/it\/wp-json\/wp\/v2\/product\/13478","targetHints":{"allow":["GET"]}}],"collection":[{"href":"https:\/\/valmart.it\/it\/wp-json\/wp\/v2\/product"}],"about":[{"href":"https:\/\/valmart.it\/it\/wp-json\/wp\/v2\/types\/product"}],"replies":[{"embeddable":true,"href":"https:\/\/valmart.it\/it\/wp-json\/wp\/v2\/comments?post=13478"}],"version-history":[{"count":2,"href":"https:\/\/valmart.it\/it\/wp-json\/wp\/v2\/product\/13478\/revisions"}],"predecessor-version":[{"id":13481,"href":"https:\/\/valmart.it\/it\/wp-json\/wp\/v2\/product\/13478\/revisions\/13481"}],"wp:featuredmedia":[{"embeddable":true,"href":"https:\/\/valmart.it\/it\/wp-json\/wp\/v2\/media\/13479"}],"wp:attachment":[{"href":"https:\/\/valmart.it\/it\/wp-json\/wp\/v2\/media?parent=13478"}],"wp:term":[{"taxonomy":"product_brand","embeddable":true,"href":"https:\/\/valmart.it\/it\/wp-json\/wp\/v2\/product_brand?post=13478"},{"taxonomy":"product_cat","embeddable":true,"href":"https:\/\/valmart.it\/it\/wp-json\/wp\/v2\/product_cat?post=13478"},{"taxonomy":"product_tag","embeddable":true,"href":"https:\/\/valmart.it\/it\/wp-json\/wp\/v2\/product_tag?post=13478"}],"curies":[{"name":"wp","href":"https:\/\/api.w.org\/{rel}","templated":true}]}}