{"id":11758,"date":"2023-10-09T20:56:02","date_gmt":"2023-10-09T17:56:02","guid":{"rendered":"http:\/\/vam-komplekt.ru\/product\/kraska-dlya-volos-s-ottenkom-206-prestige\/"},"modified":"2025-09-01T14:04:13","modified_gmt":"2025-09-01T11:04:13","slug":"kraska-dlya-volos-s-ottenkom-206-prestige","status":"publish","type":"product","link":"https:\/\/valmart.it\/it\/prodotto\/kraska-dlya-volos-s-ottenkom-206-prestige\/","title":{"rendered":"Tintura per capelli con tonalit\u00e0 206 \u201cPrestige\u201d"},"content":{"rendered":"<p style=\"text-align: justify\"><span style=\"font-size:16px\"><span style=\"font-family:arial,helvetica,sans-serif\">La tintura per capelli con tonalit\u00e0 206 &quot;Prestige&quot; \u00e8 un prodotto per la colorazione dei capelli di alta qualit\u00e0. Questa tonalit\u00e0 fornisce un colore ricco e duraturo che dona ai tuoi capelli un aspetto bello e vibrante. La tintura \u00e8 facile da applicare e distribuita uniformemente su tutti i capelli, garantendo un risultato di colorazione uniforme.&nbsp;<\/span><\/span><\/p>","protected":false},"excerpt":{"rendered":"<p>\u041a\u0440\u0430\u0441\u043a\u0430 \u0434\u043b\u044f \u0432\u043e\u043b\u043e\u0441 \u0441 \u043e\u0442\u0442\u0435\u043d\u043a\u043e\u043c 206 &#034;Prestige&#034;<\/p>","protected":false},"featured_media":8983,"comment_status":"open","ping_status":"closed","template":"","meta":{"_acf_changed":false},"product_brand":[],"product_cat":[4422],"product_tag":[],"class_list":{"0":"post-11758","1":"product","2":"type-product","3":"status-publish","4":"has-post-thumbnail","6":"product_cat-dlya-volos","8":"first","9":"instock","10":"shipping-taxable","11":"purchasable","12":"product-type-simple"},"acf":[],"_links":{"self":[{"href":"https:\/\/valmart.it\/it\/wp-json\/wp\/v2\/product\/11758","targetHints":{"allow":["GET"]}}],"collection":[{"href":"https:\/\/valmart.it\/it\/wp-json\/wp\/v2\/product"}],"about":[{"href":"https:\/\/valmart.it\/it\/wp-json\/wp\/v2\/types\/product"}],"replies":[{"embeddable":true,"href":"https:\/\/valmart.it\/it\/wp-json\/wp\/v2\/comments?post=11758"}],"version-history":[{"count":1,"href":"https:\/\/valmart.it\/it\/wp-json\/wp\/v2\/product\/11758\/revisions"}],"predecessor-version":[{"id":17329,"href":"https:\/\/valmart.it\/it\/wp-json\/wp\/v2\/product\/11758\/revisions\/17329"}],"wp:featuredmedia":[{"embeddable":true,"href":"https:\/\/valmart.it\/it\/wp-json\/wp\/v2\/media\/8983"}],"wp:attachment":[{"href":"https:\/\/valmart.it\/it\/wp-json\/wp\/v2\/media?parent=11758"}],"wp:term":[{"taxonomy":"product_brand","embeddable":true,"href":"https:\/\/valmart.it\/it\/wp-json\/wp\/v2\/product_brand?post=11758"},{"taxonomy":"product_cat","embeddable":true,"href":"https:\/\/valmart.it\/it\/wp-json\/wp\/v2\/product_cat?post=11758"},{"taxonomy":"product_tag","embeddable":true,"href":"https:\/\/valmart.it\/it\/wp-json\/wp\/v2\/product_tag?post=11758"}],"curies":[{"name":"wp","href":"https:\/\/api.w.org\/{rel}","templated":true}]}}