{"id":1567,"date":"2023-04-05T12:46:04","date_gmt":"2023-04-05T09:46:04","guid":{"rendered":"http:\/\/vam-komplekt.ru\/?page_id=1567"},"modified":"2024-01-19T13:04:53","modified_gmt":"2024-01-19T10:04:53","slug":"o-nas","status":"publish","type":"page","link":"https:\/\/valmart.it\/it\/o-nas\/","title":{"rendered":"Chi siamo"},"content":{"rendered":"<div data-elementor-type=\"wp-page\" data-elementor-id=\"1567\" class=\"elementor elementor-1567\" data-elementor-post-type=\"page\">\n\t\t\t\t\t\t<section class=\"wd-negative-gap elementor-section elementor-top-section elementor-element elementor-element-54f62a03 elementor-section-content-middle elementor-section-boxed elementor-section-height-default elementor-section-height-default wd-section-disabled\" data-id=\"54f62a03\" data-element_type=\"section\" data-e-type=\"section\" data-settings=\"{&quot;background_background&quot;:&quot;classic&quot;}\">\n\t\t\t\t\t\t<div class=\"elementor-container elementor-column-gap-default\">\n\t\t\t\t\t<div class=\"elementor-column elementor-col-100 elementor-top-column elementor-element elementor-element-4c34890d\" data-id=\"4c34890d\" data-element_type=\"column\" data-e-type=\"column\">\n\t\t\t<div class=\"elementor-widget-wrap elementor-element-populated\">\n\t\t\t\t\t\t<div class=\"elementor-element elementor-element-4914c1be wd-single-breadcrumbs wd-breadcrumbs text-left elementor-widget elementor-widget-wd_wc_breadcrumb\" data-id=\"4914c1be\" data-element_type=\"widget\" data-e-type=\"widget\" data-widget_type=\"wd_wc_breadcrumb.default\">\n\t\t\t\t<div class=\"elementor-widget-container\">\n\t\t\t\t\t<nav class=\"woocommerce-breadcrumb\" aria-label=\"Percorso di navigazione\">\t\t\t\t<span class=\"breadcrumb-last\">\n\t\t\t\t\tCasa\t\t\t\t<\/span>\n\t\t\t<\/nav>\t\t\t\t<\/div>\n\t\t\t\t<\/div>\n\t\t\t\t\t<\/div>\n\t\t<\/div>\n\t\t\t\t\t<\/div>\n\t\t<\/section>\n\t\t\t\t<section class=\"wd-negative-gap elementor-section elementor-top-section elementor-element elementor-element-78ee9b42 elementor-section-content-middle elementor-section-boxed elementor-section-height-default elementor-section-height-default wd-section-disabled\" data-id=\"78ee9b42\" data-element_type=\"section\" data-e-type=\"section\" data-settings=\"{&quot;background_background&quot;:&quot;classic&quot;}\">\n\t\t\t\t\t\t<div class=\"elementor-container elementor-column-gap-default\">\n\t\t\t\t\t<div class=\"elementor-column elementor-col-100 elementor-top-column elementor-element elementor-element-75aa97ab\" data-id=\"75aa97ab\" data-element_type=\"column\" data-e-type=\"column\">\n\t\t\t<div class=\"elementor-widget-wrap elementor-element-populated\">\n\t\t\t\t\t\t<div class=\"elementor-element elementor-element-fced704 elementor-widget elementor-widget-heading\" data-id=\"fced704\" data-element_type=\"widget\" data-e-type=\"widget\" data-widget_type=\"heading.default\">\n\t\t\t\t<div class=\"elementor-widget-container\">\n\t\t\t\t\t<h1 class=\"elementor-heading-title elementor-size-default\">Negozi russi in Italia<\/h1>\t\t\t\t<\/div>\n\t\t\t\t<\/div>\n\t\t\t\t<div class=\"elementor-element elementor-element-ccf78de color-scheme-inherit text-left elementor-widget elementor-widget-text-editor\" data-id=\"ccf78de\" data-element_type=\"widget\" data-e-type=\"widget\" data-widget_type=\"text-editor.default\">\n\t\t\t\t<div class=\"elementor-widget-container\">\n\t\t\t\t\t\t\t\t\t<p>Benvenuti in uno dei primi negozi online in lingua russa VALMART! Sono Larisa Romanchuk e il mio team, dedito all&#039;idea di fornire il massimo livello di servizio e qualit\u00e0 dei prodotti, in particolare dei prodotti alimentari. Il negozio russo, o meglio il supermercato per i russofoni, Valmart, \u00e8 stato fondato da me nel 2010 con l&#039;obiettivo di creare un luogo dove tutti possano trovare ci\u00f2 che ci \u00e8 pi\u00f9 familiare in termini gastronomici, senza spendere molto tempo e fatica.\u00a0<\/p>\t\t\t\t\t\t\t\t<\/div>\n\t\t\t\t<\/div>\n\t\t\t\t<div class=\"elementor-element elementor-element-60cfeed elementor-widget elementor-widget-heading\" data-id=\"60cfeed\" data-element_type=\"widget\" data-e-type=\"widget\" data-widget_type=\"heading.default\">\n\t\t\t\t<div class=\"elementor-widget-container\">\n\t\t\t\t\t<h2 class=\"elementor-heading-title elementor-size-default\">Dichiarazione di missione del mercato Valmart<\/h2>\t\t\t\t<\/div>\n\t\t\t\t<\/div>\n\t\t\t\t<div class=\"elementor-element elementor-element-39ee041 color-scheme-inherit text-left elementor-widget elementor-widget-text-editor\" data-id=\"39ee041\" data-element_type=\"widget\" data-e-type=\"widget\" data-widget_type=\"text-editor.default\">\n\t\t\t\t<div class=\"elementor-widget-container\">\n\t\t\t\t\t\t\t\t\t<p>La missione del negozio Valmart \u00e8 fornirti prodotti alimentari e di consumo della massima qualit\u00e0 ai migliori prezzi, rendendo il processo di acquisto online il pi\u00f9 comodo, veloce e piacevole possibile. Crediamo nella qualit\u00e0, nel valore e nella fiducia, e tutto ci\u00f2 si riflette nel nostro lavoro e nella selezione dei nostri negozi. Il numero dei prodotti presenti oggi sui nostri scaffali \u00e8 salito a pi\u00f9 di 3.500 articoli.<\/p>\t\t\t\t\t\t\t\t<\/div>\n\t\t\t\t<\/div>\n\t\t\t\t<div class=\"elementor-element elementor-element-692a14f elementor-widget elementor-widget-heading\" data-id=\"692a14f\" data-element_type=\"widget\" data-e-type=\"widget\" data-widget_type=\"heading.default\">\n\t\t\t\t<div class=\"elementor-widget-container\">\n\t\t\t\t\t<h2 class=\"elementor-heading-title elementor-size-default\">Allineare<\/h2>\t\t\t\t<\/div>\n\t\t\t\t<\/div>\n\t\t\t\t<div class=\"elementor-element elementor-element-86b6bbf color-scheme-inherit text-left elementor-widget elementor-widget-text-editor\" data-id=\"86b6bbf\" data-element_type=\"widget\" data-e-type=\"widget\" data-widget_type=\"text-editor.default\">\n\t\t\t\t<div class=\"elementor-widget-container\">\n\t\t\t\t\t\t\t\t\t<p>L&#039;assortimento VALMART comprende un&#039;ampia variet\u00e0 di prodotti: dalle salsicce, alle torte, al cibo in scatola e ai souvenir fino all&#039;abbigliamento e agli accessori. Selezioniamo attentamente i nostri fornitori e testiamo i prodotti per garantirne la qualit\u00e0.<\/p>\t\t\t\t\t\t\t\t<\/div>\n\t\t\t\t<\/div>\n\t\t\t\t<div class=\"elementor-element elementor-element-a6bf640 elementor-widget elementor-widget-heading\" data-id=\"a6bf640\" data-element_type=\"widget\" data-e-type=\"widget\" data-widget_type=\"heading.default\">\n\t\t\t\t<div class=\"elementor-widget-container\">\n\t\t\t\t\t<h2 class=\"elementor-heading-title elementor-size-default\">Assistenza clienti<\/h2>\t\t\t\t<\/div>\n\t\t\t\t<\/div>\n\t\t\t\t<div class=\"elementor-element elementor-element-6dd7554 color-scheme-inherit text-left elementor-widget elementor-widget-text-editor\" data-id=\"6dd7554\" data-element_type=\"widget\" data-e-type=\"widget\" data-widget_type=\"text-editor.default\">\n\t\t\t\t<div class=\"elementor-widget-container\">\n\t\t\t\t\t\t\t\t\t<p>Il nostro team di professionisti \u00e8 sempre pronto ad aiutare nella scelta di un prodotto, nell&#039;effettuare un ordine o nel risolvere qualsiasi altro problema. Per noi \u00e8 importante che ogni cliente si senta sicuro e sincero quando acquista da VALMART.<\/p>\t\t\t\t\t\t\t\t<\/div>\n\t\t\t\t<\/div>\n\t\t\t\t<div class=\"elementor-element elementor-element-241889a elementor-widget elementor-widget-heading\" data-id=\"241889a\" data-element_type=\"widget\" data-e-type=\"widget\" data-widget_type=\"heading.default\">\n\t\t\t\t<div class=\"elementor-widget-container\">\n\t\t\t\t\t<h2 class=\"elementor-heading-title elementor-size-default\">Unisciti a noi!<\/h2>\t\t\t\t<\/div>\n\t\t\t\t<\/div>\n\t\t\t\t<div class=\"elementor-element elementor-element-ec6977e color-scheme-inherit text-left elementor-widget elementor-widget-text-editor\" data-id=\"ec6977e\" data-element_type=\"widget\" data-e-type=\"widget\" data-widget_type=\"text-editor.default\">\n\t\t\t\t<div class=\"elementor-widget-container\">\n\t\t\t\t\t\t\t\t\t<p>Siamo lieti di averti tra i nostri clienti e garantiamo che la tua esperienza con VALMART non avr\u00e0 rivali. Unisciti a migliaia di clienti soddisfatti che hanno scelto la qualit\u00e0 e il servizio VALMART!<\/p>\t\t\t\t\t\t\t\t<\/div>\n\t\t\t\t<\/div>\n\t\t\t\t\t<\/div>\n\t\t<\/div>\n\t\t\t\t\t<\/div>\n\t\t<\/section>\n\t\t\t\t<\/div>","protected":false},"excerpt":{"rendered":"<p>Home \u0420\u0443\u0441\u0441\u043a\u0438\u0435 \u043c\u0430\u0433\u0430\u0437\u0438\u043d\u044b \u0432 \u0418\u0442\u0430\u043b\u0438\u0438 \u0414\u043e\u0431\u0440\u043e \u043f\u043e\u0436\u0430\u043b\u043e\u0432\u0430\u0442\u044c \u0432 \u043c\u0430\u0433\u0430\u0437\u0438\u043d VALMART! \u042f \u041b\u0430\u0440\u0438\u0441\u0430 \u0420\u043e\u043c\u0430\u043d\u0447\u0443\u043a \u0438 \u043c\u043e\u044f \u043a\u043e\u043c\u0430\u043d\u0434\u0430, \u043f\u0440\u0435\u0434\u0430\u043d\u043d\u0430\u044f \u0438\u0434\u0435\u0435 \u043e\u0431\u0435\u0441\u043f\u0435\u0447\u0435\u043d\u0438\u044f \u0432\u044b\u0441\u043e\u0447\u0430\u0439\u0448\u0435\u0433\u043e<\/p>","protected":false},"author":1,"featured_media":0,"parent":0,"menu_order":0,"comment_status":"closed","ping_status":"closed","template":"","meta":{"_acf_changed":false,"footnotes":""},"class_list":["post-1567","page","type-page","status-publish","hentry"],"acf":[],"_links":{"self":[{"href":"https:\/\/valmart.it\/it\/wp-json\/wp\/v2\/pages\/1567","targetHints":{"allow":["GET"]}}],"collection":[{"href":"https:\/\/valmart.it\/it\/wp-json\/wp\/v2\/pages"}],"about":[{"href":"https:\/\/valmart.it\/it\/wp-json\/wp\/v2\/types\/page"}],"author":[{"embeddable":true,"href":"https:\/\/valmart.it\/it\/wp-json\/wp\/v2\/users\/1"}],"replies":[{"embeddable":true,"href":"https:\/\/valmart.it\/it\/wp-json\/wp\/v2\/comments?post=1567"}],"version-history":[{"count":33,"href":"https:\/\/valmart.it\/it\/wp-json\/wp\/v2\/pages\/1567\/revisions"}],"predecessor-version":[{"id":14751,"href":"https:\/\/valmart.it\/it\/wp-json\/wp\/v2\/pages\/1567\/revisions\/14751"}],"wp:attachment":[{"href":"https:\/\/valmart.it\/it\/wp-json\/wp\/v2\/media?parent=1567"}],"curies":[{"name":"wp","href":"https:\/\/api.w.org\/{rel}","templated":true}]}}